{"id":286,"date":"2020-12-21T18:30:05","date_gmt":"2020-12-21T18:30:05","guid":{"rendered":"https:\/\/bslthemes.site\/sochi\/?page_id=286"},"modified":"2022-01-15T17:15:42","modified_gmt":"2022-01-15T17:15:42","slug":"contact","status":"publish","type":"page","link":"https:\/\/casanobila.ro\/?page_id=286","title":{"rendered":"Contact"},"content":{"rendered":"\t\t<div data-elementor-type=\"wp-page\" data-elementor-id=\"286\" class=\"elementor elementor-286\" data-elementor-settings=\"[]\">\n\t\t\t\t\t\t\t<div class=\"elementor-section-wrap\">\n\t\t\t\t\t\t\t<section class=\"elementor-section elementor-top-section elementor-element elementor-element-55d45be elementor-section-full_width elementor-section-height-default elementor-section-height-default\" data-id=\"55d45be\" data-element_type=\"section\">\n\t\t\t\t\t\t<div class=\"elementor-container elementor-column-gap-no\">\n\t\t\t\t\t<div class=\"elementor-column elementor-col-100 elementor-top-column elementor-element elementor-element-765730c\" data-id=\"765730c\" data-element_type=\"column\">\n\t\t\t<div class=\"elementor-widget-wrap elementor-element-populated\">\n\t\t\t\t\t\t\t\t<div class=\"elementor-element elementor-element-f12d000 elementor-widget elementor-widget-image\" data-id=\"f12d000\" data-element_type=\"widget\" data-widget_type=\"image.default\">\n\t\t\t\t<div class=\"elementor-widget-container\">\n\t\t\t<style>\/*! elementor - v3.5.3 - 28-12-2021 *\/\n.elementor-widget-image{text-align:center}.elementor-widget-image a{display:inline-block}.elementor-widget-image a img[src$=\".svg\"]{width:48px}.elementor-widget-image img{vertical-align:middle;display:inline-block}<\/style>\t\t\t\t\t\t\t\t\t\t\t\t<img width=\"2560\" height=\"1707\" src=\"https:\/\/casanobila.ro\/wp-content\/uploads\/2022\/01\/1-scaled.jpg\" class=\"attachment-full size-full\" alt=\"\" loading=\"lazy\" srcset=\"https:\/\/casanobila.ro\/wp-content\/uploads\/2022\/01\/1-scaled.jpg 2560w, https:\/\/casanobila.ro\/wp-content\/uploads\/2022\/01\/1-300x200.jpg 300w, https:\/\/casanobila.ro\/wp-content\/uploads\/2022\/01\/1-1024x683.jpg 1024w, https:\/\/casanobila.ro\/wp-content\/uploads\/2022\/01\/1-768x512.jpg 768w, https:\/\/casanobila.ro\/wp-content\/uploads\/2022\/01\/1-1536x1024.jpg 1536w, https:\/\/casanobila.ro\/wp-content\/uploads\/2022\/01\/1-2048x1365.jpg 2048w, https:\/\/casanobila.ro\/wp-content\/uploads\/2022\/01\/1-900x600.jpg 900w, https:\/\/casanobila.ro\/wp-content\/uploads\/2022\/01\/1-1920x1280.jpg 1920w\" sizes=\"(max-width: 2560px) 100vw, 2560px\" \/>\t\t\t\t\t\t\t\t\t\t\t\t\t\t\t<\/div>\n\t\t\t\t<\/div>\n\t\t\t\t<div class=\"elementor-element elementor-element-8f9ffe5 elementor-widget elementor-widget-sochi-contact-info\" data-id=\"8f9ffe5\" data-element_type=\"widget\" data-widget_type=\"sochi-contact-info.default\">\n\t\t\t\t<div class=\"elementor-widget-container\">\n\t\t\t\t    \n\t\t<section class=\"container section section-first\">\n\t\t    \t\t\t\t\t\t<div class=\"row\">\n\t\t\t\t                <div class=\"col-12 col-md-6 col-lg-4 col-contact js-scroll-show\">\n\t\t\t\t    \t\t\t\t    <h4 class=\"title title--h4\">\n\t\t\t\t    \t<span >Adresa<\/span>\n\t\t\t\t    <\/h4>\n\t\t\t\t    \t\t\t\t    \t\t\t\t\t<div class=\"paragraph\">\n\t\t\t\t\t\t<div ><p>DC52 103A, \u0218imon 507028,<br>Bra\u0219ov<\/p><\/div>\n\t\t\t\t\t<\/div>\n\t\t\t\t\t\t\t\t\t<\/div>\n\t\t\t\t                <div class=\"col-12 col-md-6 col-lg-4 col-contact js-scroll-show\">\n\t\t\t\t    \t\t\t\t    <h4 class=\"title title--h4\">\n\t\t\t\t    \t<span >Contact<\/span>\n\t\t\t\t    <\/h4>\n\t\t\t\t    \t\t\t\t    \t\t\t\t\t<div class=\"paragraph\">\n\t\t\t\t\t\t<div ><p>contact@casanobila.ro<br>0756 911 984<\/p><\/div>\n\t\t\t\t\t<\/div>\n\t\t\t\t\t\t\t\t\t<\/div>\n\t\t\t\t                <div class=\"col-12 col-md-6 col-lg-4 col-contact js-scroll-show\">\n\t\t\t\t    \t\t\t\t    <h4 class=\"title title--h4\">\n\t\t\t\t    \t<span >Urm\u0103re\u0219te-ne<\/span>\n\t\t\t\t    <\/h4>\n\t\t\t\t    \t\t\t\t    \t\t\t\t\t<div class=\"paragraph\">\n\t\t\t\t\t\t<div ><p>Conecteaz\u0103-te cu noi pe&nbsp;<a href=\"https:\/\/www.facebook.com\">facebook<\/a>,<br><a href=\"https:\/\/twitter.com\">twitter<\/a>&nbsp;sau&nbsp;<a href=\"https:\/\/www.instagram.com\">instagram<\/a><\/p><\/div>\n\t\t\t\t\t<\/div>\n\t\t\t\t\t\t\t\t\t<\/div>\n\t\t\t\t\t\t\t<\/div>\n\t\t\t\t\t<\/section>\n\n\t\t\t\t<\/div>\n\t\t\t\t<\/div>\n\t\t\t\t\t<\/div>\n\t\t<\/div>\n\t\t\t\t\t\t\t<\/div>\n\t\t<\/section>\n\t\t\t\t<section class=\"elementor-section elementor-top-section elementor-element elementor-element-155cba2 elementor-section-full_width elementor-section-height-default elementor-section-height-default\" data-id=\"155cba2\" data-element_type=\"section\">\n\t\t\t\t\t\t<div class=\"elementor-container elementor-column-gap-no\">\n\t\t\t\t\t<div class=\"elementor-column elementor-col-100 elementor-top-column elementor-element elementor-element-30b1985\" data-id=\"30b1985\" data-element_type=\"column\">\n\t\t\t<div class=\"elementor-widget-wrap elementor-element-populated\">\n\t\t\t\t\t\t\t\t<div class=\"elementor-element elementor-element-e9271e3 elementor-align-center elementor-widget elementor-widget-sochi-cf7-form\" data-id=\"e9271e3\" data-element_type=\"widget\" data-widget_type=\"sochi-cf7-form.default\">\n\t\t\t\t<div class=\"elementor-widget-container\">\n\t\t\t\n\t\t<section class=\"container section\">\n\t\t    \t\t    <div class=\"row\">\n\t\t\t    <div class=\"col-12\">\n\t\t\t        \t\t\t        <h2 class=\"title title--h2 js-lines\">\n\t\t\t        \t<span >C\u0103 este vorba de o anume s\u0103rb\u0103toare sau de un moment de relaxare te a\u0219tept\u0103m cu drag.\n\nRezerv\u0103-\u021bi \u0219ederea aici \u0219i asigur\u0103-\u021bi disponibilitatea locurilor.<\/span>\n\t\t\t    \t<\/h2>\n\t\t\t        \t\t\t\t<\/div>\n\t\t\t<\/div>\n\t\t\t\t\t\t\n\t\t\t<div role=\"form\" class=\"wpcf7\" id=\"wpcf7-f672-o1\" lang=\"en-US\" dir=\"ltr\">\n<div class=\"screen-reader-response\"><p role=\"status\" aria-live=\"polite\" aria-atomic=\"true\"><\/p> <ul><\/ul><\/div>\n<form action=\"\/index.php?rest_route=%2Fwp%2Fv2%2Fpages%2F286#wpcf7-f672-o1\" method=\"post\" class=\"wpcf7-form init\" novalidate=\"novalidate\" data-status=\"init\">\n<div style=\"display: none;\">\n<input type=\"hidden\" name=\"_wpcf7\" value=\"672\" \/>\n<input type=\"hidden\" name=\"_wpcf7_version\" value=\"5.5.3\" \/>\n<input type=\"hidden\" name=\"_wpcf7_locale\" value=\"en_US\" \/>\n<input type=\"hidden\" name=\"_wpcf7_unit_tag\" value=\"wpcf7-f672-o1\" \/>\n<input type=\"hidden\" name=\"_wpcf7_container_post\" value=\"0\" \/>\n<input type=\"hidden\" name=\"_wpcf7_posted_data_hash\" value=\"\" \/>\n<\/div>\n<div id=\"contact-form\" class=\"contact-form\">\n <div class=\"row\">\n  <div class=\"col-12 col-lg-6\">\n   <div class=\"form-group\">\n    <span class=\"wpcf7-form-control-wrap nameContact\"><input type=\"text\" name=\"nameContact\" value=\"\" size=\"40\" class=\"wpcf7-form-control wpcf7-text wpcf7-validates-as-required inputText\" id=\"nameContact\" aria-required=\"true\" aria-invalid=\"false\" placeholder=\"Nume\" \/><\/span>\n   <\/div>\n  <\/div>\n  <div class=\"col-12 col-lg-6\">\n   <div class=\"form-group\">\n    <span class=\"wpcf7-form-control-wrap emailContact\"><input type=\"email\" name=\"emailContact\" value=\"\" size=\"40\" class=\"wpcf7-form-control wpcf7-text wpcf7-email wpcf7-validates-as-required wpcf7-validates-as-email inputText\" id=\"emailContact\" aria-required=\"true\" aria-invalid=\"false\" placeholder=\"Adresa de e-mail\" \/><\/span>\n   <\/div>\n  <\/div>\n <\/div>\n <div class=\"row\">\n  <div class=\"col-12 col-lg-12\">\n   <div class=\"form-group\">\n    <span class=\"wpcf7-form-control-wrap messageContact\"><textarea name=\"messageContact\" cols=\"40\" rows=\"1\" class=\"wpcf7-form-control wpcf7-textarea wpcf7-validates-as-required textarea\" id=\"messageContact\" aria-required=\"true\" aria-invalid=\"false\" placeholder=\"Mesajul\"><\/textarea><\/span>\n   <\/div>\n  <\/div>\n <\/div>\n <div class=\"row align-items-center\">\n  <div class=\"col-12\">\n   <button type=\"submit\" class=\"btn\">Trimite<\/button>\n  <\/div>\t\t\t\t\t\n <\/div>\n<\/div><div class=\"wpcf7-response-output\" aria-hidden=\"true\"><\/div><\/form><\/div>\t\t<\/section>\n\t\t\t\n\t\t\t\t<\/div>\n\t\t\t\t<\/div>\n\t\t\t\t\t<\/div>\n\t\t<\/div>\n\t\t\t\t\t\t\t<\/div>\n\t\t<\/section>\n\t\t\t\t\t\t<\/div>\n\t\t\t\t\t<\/div>\n\t\t","protected":false},"excerpt":{"rendered":"<p>Adresa DC52 103A, \u0218imon 507028,Bra\u0219ov Contact contact@casanobila.ro0756 911 984 Urm\u0103re\u0219te-ne Conecteaz\u0103-te cu noi pe&nbsp;facebook,twitter&nbsp;sau&nbsp;instagram C\u0103 este vorba de o anume s\u0103rb\u0103toare sau de un moment de relaxare te a\u0219tept\u0103m cu drag. Rezerv\u0103-\u021bi \u0219ederea aici \u0219i asigur\u0103-\u021bi disponibilitatea locurilor. Trimite<\/p>\n","protected":false},"author":1,"featured_media":0,"parent":0,"menu_order":0,"comment_status":"closed","ping_status":"closed","template":"elementor_header_footer","meta":[],"acf":[],"_links":{"self":[{"href":"https:\/\/casanobila.ro\/index.php?rest_route=\/wp\/v2\/pages\/286"}],"collection":[{"href":"https:\/\/casanobila.ro\/index.php?rest_route=\/wp\/v2\/pages"}],"about":[{"href":"https:\/\/casanobila.ro\/index.php?rest_route=\/wp\/v2\/types\/page"}],"author":[{"embeddable":true,"href":"https:\/\/casanobila.ro\/index.php?rest_route=\/wp\/v2\/users\/1"}],"replies":[{"embeddable":true,"href":"https:\/\/casanobila.ro\/index.php?rest_route=%2Fwp%2Fv2%2Fcomments&post=286"}],"version-history":[{"count":15,"href":"https:\/\/casanobila.ro\/index.php?rest_route=\/wp\/v2\/pages\/286\/revisions"}],"predecessor-version":[{"id":3388,"href":"https:\/\/casanobila.ro\/index.php?rest_route=\/wp\/v2\/pages\/286\/revisions\/3388"}],"wp:attachment":[{"href":"https:\/\/casanobila.ro\/index.php?rest_route=%2Fwp%2Fv2%2Fmedia&parent=286"}],"curies":[{"name":"wp","href":"https:\/\/api.w.org\/{rel}","templated":true}]}}